{"id":1036,"date":"2019-05-17T15:31:57","date_gmt":"2019-05-17T15:31:57","guid":{"rendered":"http:\/\/handelsnollning.se\/?page_id=1036"},"modified":"2025-07-01T11:05:16","modified_gmt":"2025-07-01T11:05:16","slug":"priser-och-utmarkelser","status":"publish","type":"page","link":"https:\/\/handelsnollning.se\/en\/priser-och-utmarkelser\/","title":{"rendered":"Prices &amp; Awards"},"content":{"rendered":"<div data-elementor-type=\"wp-post\" data-elementor-id=\"1036\" class=\"elementor elementor-1036\">\n\t\t\t\t\t\t\t\t\t<section class=\"elementor-section elementor-top-section elementor-element elementor-element-206ab78 elementor-section-boxed elementor-section-height-default elementor-section-height-default\" data-id=\"206ab78\" data-element_type=\"section\" data-settings=\"{&quot;background_background&quot;:&quot;classic&quot;}\">\n\t\t\t\t\t\t\t<div class=\"elementor-background-overlay\"><\/div>\n\t\t\t\t\t\t\t<div class=\"elementor-container elementor-column-gap-default\">\n\t\t\t\t\t<div class=\"elementor-column elementor-col-100 elementor-top-column elementor-element elementor-element-81d0c8a\" data-id=\"81d0c8a\" data-element_type=\"column\">\n\t\t\t<div class=\"elementor-widget-wrap elementor-element-populated\">\n\t\t\t\t\t\t\t\t<div class=\"elementor-element elementor-element-95c7712 elementor-widget elementor-widget-heading\" data-id=\"95c7712\" data-element_type=\"widget\" data-widget_type=\"heading.default\">\n\t\t\t\t<div class=\"elementor-widget-container\">\n\t\t\t<h2 class=\"elementor-heading-title elementor-size-large\">PRICES &amp; AWARDS<\/h2>\t\t<\/div>\n\t\t\t\t<\/div>\n\t\t\t\t<div class=\"elementor-element elementor-element-427c6fc elementor-widget elementor-widget-heading\" data-id=\"427c6fc\" data-element_type=\"widget\" data-widget_type=\"heading.default\">\n\t\t\t\t<div class=\"elementor-widget-container\">\n\t\t\t<p class=\"elementor-heading-title elementor-size-large\">Throughout the entire nollning, there are opportunities to earn points. Both as a program and as an individual. In addition to the prestigious nollekamps-throphy, you can win prizes such as \"nolla of the year\". <\/p>\t\t<\/div>\n\t\t\t\t<\/div>\n\t\t\t\t<div class=\"elementor-element elementor-element-3b5e284 elementor-widget elementor-widget-spacer\" data-id=\"3b5e284\" data-element_type=\"widget\" data-widget_type=\"spacer.default\">\n\t\t\t\t<div class=\"elementor-widget-container\">\n\t\t\t\t\t<div class=\"elementor-spacer\">\n\t\t\t<div class=\"elementor-spacer-inner\"><\/div>\n\t\t<\/div>\n\t\t\t\t<\/div>\n\t\t\t\t<\/div>\n\t\t\t\t\t<\/div>\n\t\t<\/div>\n\t\t\t\t\t\t\t<\/div>\n\t\t<\/section>\n\t\t\t\t<section class=\"elementor-section elementor-top-section elementor-element elementor-element-4b209cd elementor-section-boxed elementor-section-height-default elementor-section-height-default\" data-id=\"4b209cd\" data-element_type=\"section\">\n\t\t\t\t\t\t<div class=\"elementor-container elementor-column-gap-wider\">\n\t\t\t\t\t<div class=\"elementor-column elementor-col-50 elementor-top-column elementor-element elementor-element-b333160\" data-id=\"b333160\" data-element_type=\"column\">\n\t\t\t<div class=\"elementor-widget-wrap elementor-element-populated\">\n\t\t\t\t\t\t\t\t<div class=\"elementor-element elementor-element-ba7c3e8 elementor-position-top elementor-widget elementor-widget-image-box\" data-id=\"ba7c3e8\" data-element_type=\"widget\" data-widget_type=\"image-box.default\">\n\t\t\t\t<div class=\"elementor-widget-container\">\n\t\t\t<div class=\"elementor-image-box-wrapper\"><figure class=\"elementor-image-box-img\"><img loading=\"lazy\" decoding=\"async\" width=\"1124\" height=\"2048\" src=\"https:\/\/handelsnollning.se\/wp-content\/uploads\/2023\/03\/Ephraim-final.jpg\" class=\"attachment-full size-full wp-image-3456\" alt=\"\" srcset=\"https:\/\/handelsnollning.se\/wp-content\/uploads\/2023\/03\/Ephraim-final.jpg 1124w, https:\/\/handelsnollning.se\/wp-content\/uploads\/2023\/03\/Ephraim-final-165x300.jpg 165w, https:\/\/handelsnollning.se\/wp-content\/uploads\/2023\/03\/Ephraim-final-768x1399.jpg 768w, https:\/\/handelsnollning.se\/wp-content\/uploads\/2023\/03\/Ephraim-final-562x1024.jpg 562w, https:\/\/handelsnollning.se\/wp-content\/uploads\/2023\/03\/Ephraim-final-7x12.jpg 7w\" sizes=\"auto, (max-width: 1124px) 100vw, 1124px\" \/><\/figure><div class=\"elementor-image-box-content\"><h3 class=\"elementor-image-box-title\">EPHRAIM & EULALIA<\/h3><p class=\"elementor-image-box-description\">The esteemed awards Efraim and Eufalia is handed out yearly by Marskalk\u00e4mbetet to two nollor who are deserving to win this award. \n<\/p><\/div><\/div>\t\t<\/div>\n\t\t\t\t<\/div>\n\t\t\t\t\t<\/div>\n\t\t<\/div>\n\t\t\t\t<div class=\"elementor-column elementor-col-50 elementor-top-column elementor-element elementor-element-65a0dcd\" data-id=\"65a0dcd\" data-element_type=\"column\">\n\t\t\t<div class=\"elementor-widget-wrap elementor-element-populated\">\n\t\t\t\t\t\t\t\t<div class=\"elementor-element elementor-element-d7bf841 elementor-position-top elementor-widget elementor-widget-image-box\" data-id=\"d7bf841\" data-element_type=\"widget\" data-widget_type=\"image-box.default\">\n\t\t\t\t<div class=\"elementor-widget-container\">\n\t\t\t<div class=\"elementor-image-box-wrapper\"><figure class=\"elementor-image-box-img\"><img loading=\"lazy\" decoding=\"async\" width=\"5363\" height=\"5363\" src=\"https:\/\/handelsnollning.se\/wp-content\/uploads\/2019\/06\/Nollekampen.png\" class=\"attachment-full size-full wp-image-1600\" alt=\"\" srcset=\"https:\/\/handelsnollning.se\/wp-content\/uploads\/2019\/06\/Nollekampen.png 5363w, https:\/\/handelsnollning.se\/wp-content\/uploads\/2019\/06\/Nollekampen-150x150.png 150w, https:\/\/handelsnollning.se\/wp-content\/uploads\/2019\/06\/Nollekampen-300x300.png 300w, https:\/\/handelsnollning.se\/wp-content\/uploads\/2019\/06\/Nollekampen-768x768.png 768w, https:\/\/handelsnollning.se\/wp-content\/uploads\/2019\/06\/Nollekampen-1024x1024.png 1024w\" sizes=\"auto, (max-width: 5363px) 100vw, 5363px\" \/><\/figure><div class=\"elementor-image-box-content\"><h3 class=\"elementor-image-box-title\">NOLLEKAMPSPOKALEN<\/h3><p class=\"elementor-image-box-description\">During the whole nollning there is a chance to collect points. The program that earns most points are declared winners at the final-day concert and are awarded with the nollekamps-trophy.  <\/p><\/div><\/div>\t\t<\/div>\n\t\t\t\t<\/div>\n\t\t\t\t\t<\/div>\n\t\t<\/div>\n\t\t\t\t\t\t\t<\/div>\n\t\t<\/section>\n\t\t\t\t<section class=\"elementor-section elementor-top-section elementor-element elementor-element-2d0bb5d6 elementor-section-boxed elementor-section-height-default elementor-section-height-default\" data-id=\"2d0bb5d6\" data-element_type=\"section\">\n\t\t\t\t\t\t<div class=\"elementor-container elementor-column-gap-wider\">\n\t\t\t\t\t<div class=\"elementor-column elementor-col-50 elementor-top-column elementor-element elementor-element-f48dfda\" data-id=\"f48dfda\" data-element_type=\"column\">\n\t\t\t<div class=\"elementor-widget-wrap elementor-element-populated\">\n\t\t\t\t\t\t\t\t<div class=\"elementor-element elementor-element-2a89325d elementor-position-top elementor-widget elementor-widget-image-box\" data-id=\"2a89325d\" data-element_type=\"widget\" data-widget_type=\"image-box.default\">\n\t\t\t\t<div class=\"elementor-widget-container\">\n\t\t\t<div class=\"elementor-image-box-wrapper\"><figure class=\"elementor-image-box-img\"><img loading=\"lazy\" decoding=\"async\" width=\"1030\" height=\"1040\" src=\"https:\/\/handelsnollning.se\/wp-content\/uploads\/2023\/08\/Arets-Nolla-2023.png\" class=\"attachment-full size-full wp-image-3751\" alt=\"\" srcset=\"https:\/\/handelsnollning.se\/wp-content\/uploads\/2023\/08\/Arets-Nolla-2023.png 1030w, https:\/\/handelsnollning.se\/wp-content\/uploads\/2023\/08\/Arets-Nolla-2023-297x300.png 297w, https:\/\/handelsnollning.se\/wp-content\/uploads\/2023\/08\/Arets-Nolla-2023-1014x1024.png 1014w, https:\/\/handelsnollning.se\/wp-content\/uploads\/2023\/08\/Arets-Nolla-2023-150x150.png 150w, https:\/\/handelsnollning.se\/wp-content\/uploads\/2023\/08\/Arets-Nolla-2023-768x775.png 768w, https:\/\/handelsnollning.se\/wp-content\/uploads\/2023\/08\/Arets-Nolla-2023-12x12.png 12w\" sizes=\"auto, (max-width: 1030px) 100vw, 1030px\" \/><\/figure><div class=\"elementor-image-box-content\"><h3 class=\"elementor-image-box-title\"><span class=\"elementor-image-box-title elementor-inline-editing pen\" data-elementor-setting-key=\"title_text\" data-elementor-inline-editing-toolbar=\"none\" data-pen-placeholder=\"Skriv h\u00e4r...\" style=\"font-style: normal; margin-bottom: 20px; clear: both; line-height: 1.4;\">Nolla of the year<\/span><\/h3><p class=\"elementor-image-box-description\">The nolla who shows their best side throughout the nollning and is an exemplary figure of what love across borders means has the chance to win the award for nolla of the year.<\/p><\/div><\/div>\t\t<\/div>\n\t\t\t\t<\/div>\n\t\t\t\t\t<\/div>\n\t\t<\/div>\n\t\t\t\t<div class=\"elementor-column elementor-col-50 elementor-top-column elementor-element elementor-element-40d0948b\" data-id=\"40d0948b\" data-element_type=\"column\">\n\t\t\t<div class=\"elementor-widget-wrap elementor-element-populated\">\n\t\t\t\t\t\t\t\t<div class=\"elementor-element elementor-element-271fd1e1 elementor-position-top elementor-widget elementor-widget-image-box\" data-id=\"271fd1e1\" data-element_type=\"widget\" data-widget_type=\"image-box.default\">\n\t\t\t\t<div class=\"elementor-widget-container\">\n\t\t\t<div class=\"elementor-image-box-wrapper\"><figure class=\"elementor-image-box-img\"><img loading=\"lazy\" decoding=\"async\" width=\"1024\" height=\"1032\" src=\"https:\/\/handelsnollning.se\/wp-content\/uploads\/2023\/08\/Arets-Fadder-2023.png\" class=\"attachment-full size-full wp-image-3750\" alt=\"\" srcset=\"https:\/\/handelsnollning.se\/wp-content\/uploads\/2023\/08\/Arets-Fadder-2023.png 1024w, https:\/\/handelsnollning.se\/wp-content\/uploads\/2023\/08\/Arets-Fadder-2023-298x300.png 298w, https:\/\/handelsnollning.se\/wp-content\/uploads\/2023\/08\/Arets-Fadder-2023-1016x1024.png 1016w, https:\/\/handelsnollning.se\/wp-content\/uploads\/2023\/08\/Arets-Fadder-2023-150x150.png 150w, https:\/\/handelsnollning.se\/wp-content\/uploads\/2023\/08\/Arets-Fadder-2023-768x774.png 768w, https:\/\/handelsnollning.se\/wp-content\/uploads\/2023\/08\/Arets-Fadder-2023-12x12.png 12w\" sizes=\"auto, (max-width: 1024px) 100vw, 1024px\" \/><\/figure><div class=\"elementor-image-box-content\"><h3 class=\"elementor-image-box-title\"><span class=\"elementor-image-box-title elementor-inline-editing pen\" data-elementor-setting-key=\"title_text\" data-elementor-inline-editing-toolbar=\"none\" data-pen-placeholder=\"Skriv h\u00e4r...\" style=\"font-style: normal; margin-bottom: 20px; clear: both; line-height: 1.4;\">Fadder of the year<\/span><\/h3><p class=\"elementor-image-box-description\">The fadder who shows their finest and kindest side throughout the nollning, who helps the nollor regardless of which program they are from, who makes sure everyone feels welcome and is doing well has the chance to win the award for fadder of the year. <\/p><\/div><\/div>\t\t<\/div>\n\t\t\t\t<\/div>\n\t\t\t\t\t<\/div>\n\t\t<\/div>\n\t\t\t\t\t\t\t<\/div>\n\t\t<\/section>\n\t\t\t\t<section class=\"elementor-section elementor-top-section elementor-element elementor-element-33fefb7 elementor-section-boxed elementor-section-height-default elementor-section-height-default\" data-id=\"33fefb7\" data-element_type=\"section\">\n\t\t\t\t\t\t<div class=\"elementor-container elementor-column-gap-default\">\n\t\t\t\t\t<div class=\"elementor-column elementor-col-100 elementor-top-column elementor-element elementor-element-ffaaef5\" data-id=\"ffaaef5\" data-element_type=\"column\">\n\t\t\t<div class=\"elementor-widget-wrap\">\n\t\t\t\t\t\t\t\t\t<\/div>\n\t\t<\/div>\n\t\t\t\t\t\t\t<\/div>\n\t\t<\/section>\n\t\t\t\t\t\t\t<\/div>","protected":false},"excerpt":{"rendered":"<p>PRISER &amp; UTM\u00c4RKELSER Under hela nollningen finns det chans till att samla ihop po\u00e4ng. B\u00e5de som program och som individ. F\u00f6rutom den \u00e4rorika nollekampspokalen kan man bland annat vinna priser s\u00e5som &#8221;\u00e5rets nolla&#8221;. EPHRAIM &#038; EULALIA De h\u00f6gaktade priserna Ephraim och Eulalia delas \u00e5rligen ut av Marskalk\u00e4mbetet till tv\u00e5 nollor som \u00e4r f\u00f6rtj\u00e4nta av vinsten. &hellip;<\/p>\n<p class=\"read-more\"> <a class=\"\" href=\"https:\/\/handelsnollning.se\/en\/priser-och-utmarkelser\/\"> <span class=\"screen-reader-text\">Prices &amp; Awards<\/span> Read More &raquo;<\/a><\/p>","protected":false},"author":1,"featured_media":0,"parent":0,"menu_order":0,"comment_status":"closed","ping_status":"closed","template":"","meta":{"om_disable_all_campaigns":false,"_monsterinsights_skip_tracking":false,"_monsterinsights_sitenote_active":false,"_monsterinsights_sitenote_note":"","_monsterinsights_sitenote_category":0,"footnotes":""},"class_list":["post-1036","page","type-page","status-publish","hentry"],"aioseo_notices":[],"_links":{"self":[{"href":"https:\/\/handelsnollning.se\/en\/wp-json\/wp\/v2\/pages\/1036","targetHints":{"allow":["GET"]}}],"collection":[{"href":"https:\/\/handelsnollning.se\/en\/wp-json\/wp\/v2\/pages"}],"about":[{"href":"https:\/\/handelsnollning.se\/en\/wp-json\/wp\/v2\/types\/page"}],"author":[{"embeddable":true,"href":"https:\/\/handelsnollning.se\/en\/wp-json\/wp\/v2\/users\/1"}],"replies":[{"embeddable":true,"href":"https:\/\/handelsnollning.se\/en\/wp-json\/wp\/v2\/comments?post=1036"}],"version-history":[{"count":58,"href":"https:\/\/handelsnollning.se\/en\/wp-json\/wp\/v2\/pages\/1036\/revisions"}],"predecessor-version":[{"id":4781,"href":"https:\/\/handelsnollning.se\/en\/wp-json\/wp\/v2\/pages\/1036\/revisions\/4781"}],"wp:attachment":[{"href":"https:\/\/handelsnollning.se\/en\/wp-json\/wp\/v2\/media?parent=1036"}],"curies":[{"name":"wp","href":"https:\/\/api.w.org\/{rel}","templated":true}]}}