{"id":608,"date":"2019-05-06T19:00:29","date_gmt":"2019-05-06T19:00:29","guid":{"rendered":"http:\/\/handelsnollning.se\/?page_id=608"},"modified":"2019-08-13T12:53:57","modified_gmt":"2019-08-13T12:53:57","slug":"30-aug","status":"publish","type":"page","link":"https:\/\/handelsnollning.se\/en\/30-aug\/","title":{"rendered":"30 Aug"},"content":{"rendered":"<div data-elementor-type=\"wp-post\" data-elementor-id=\"608\" class=\"elementor elementor-608\">\n\t\t\t\t\t\t\t\t\t<section class=\"elementor-section elementor-top-section elementor-element elementor-element-182a8aa1 elementor-section-content-middle elementor-section-boxed elementor-section-height-default elementor-section-height-default\" data-id=\"182a8aa1\" data-element_type=\"section\" data-settings=\"{&quot;background_background&quot;:&quot;classic&quot;,&quot;shape_divider_bottom&quot;:&quot;drops&quot;,&quot;shape_divider_bottom_negative&quot;:&quot;yes&quot;}\">\n\t\t\t\t\t\t\t<div class=\"elementor-background-overlay\"><\/div>\n\t\t\t\t\t\t<div class=\"elementor-shape elementor-shape-bottom\" data-negative=\"true\">\n\t\t\t<svg xmlns=\"http:\/\/www.w3.org\/2000\/svg\" height=\"100%\" viewbox=\"0 0 283.5 27.8\" preserveaspectratio=\"xMidYMax slice\">\n\t<path class=\"elementor-shape-fill\" d=\"M282.7 3.4c-2 3.8-2.2 6.6-1.8 10.8.3 3.3 2 8.5.4 11.6-1.4 2.6-4 2.5-5-.2-1.2-3.4.3-7.6.5-11.1.3-4.3-2.9-6.9-7.4-5.8-3.1.7-4.1 3.3-4.3 6.2-.2 2 1.2 8-.1 9.6-3.1 4.3-2.5-4.5-2.5-5.2.1-4-.1-9.6-4.1-11.6-4.5-2.3-6.1 1-5.5 5 .2 1.4 1.5 10.2-2.7 6.9-2.5-1.9.4-7.5-.9-10.3-.8-1.8-2.6-4.2-4.8-4.1-2.4.1-2.7 2.2-4 3.7-3.3 3.8-2.2-1.2-4.8-2.7-5.5-3.1-2 5.6-2.9 7.3-1.4 2.4-3.1.6-3.3-1.3-.1-1.5.5-3.1.4-4.6-.3-4.3-2.9-5.3-5.2-1.2-3.7 6.7-2.8-1.9-6.5-.4-3 1.1-.9 9.2-.6 11.1.7 4.1-2.2 5.2-2.7.8-.4-3.6 2.8-10.2.8-13.4-2.1-3.3-6.7-.1-7.9 2.4-2.1 4.2-.4 8.7 0 13.1.2 2-.8 8.9-3.8 4.8-3.1-4.3 2.5-11.6.2-16.3-1.1-2.2-5.8-3.5-7.2-1-.8 1.4 1 3.4.3 4.8s-2.2 1.2-2.8-.3c-.8-2.1 2.2-4.8-.1-6.5-1.3-.9-3.5.3-4.9.5-2.4-.1-3.3 0-4.5 2-.7 1.2-.4 3-2.3 2.1-1.9-.8-1.7-4.3-4.1-4.9-2.1-.6-4 1.3-5.1 2.9-.9 1.4-1.3 3-1.3 4.6 0 1.9 1.4 4.2.3 6-2.4 4.2-4.2-2.2-3.8-4.4.5-2.9 2-7.7-2.7-7.5-5.2.3-6.1 5.8-6.4 9.8-.1 1.3 1.5 10.4-2 8.4-1.8-1-.5-7.5-.6-9.1-.1-3.5-1.6-8.3-6.3-7.1-7.6 1.9 2.1 18.2-4.8 18.7-3.7.3-2.3-6.2-2-8.1.5-3.1.5-11.4-5.5-8.5-2.2 1.1-1 2.3-1.3 4.3-.2 1.8-1.3 3.2-2.3.8-1.1-2.5.8-6.7-3.9-6.6-8 .1-.7 16.4-4.8 15.8-2.8-.4-1-9.3-1.3-11.3-.6-3.5-3.5-7.8-7.8-6.9-4.4.9-1.4 6.5-1.4 9.1 0 3.1-3.4 5.9-4.4 1.7-.5-2.2.9-4.4.6-6.6-.3-1.9-1.5-4.1-3.2-5.2-5.3-3.4-4.9 5.2-8.1 4.5-1.4-.3-3-8.1-6.1-4.1-.7.9 2 10.3-2.2 8-2-1.1-.1-6.7-.7-8.9-1.8-6.2-4.7 2.3-6.1 3.1-2.9 1.7-4.6-6.2-6.3-.6-.5 1.7-.4 3.7-.2 5.4.2 1.6 1.5 4.6 1 6.1-.6 1.8-1.7 1.7-2.6.3-1-1.6-.4-4.5-.2-6.2.3-2.5 2.4-8.4-.2-10.3-3.1-2.1-6.8 2.1-7.7 4.5-1.5 4.3.3 8.7.5 13 .1 3.2-3 7.5-4.3 2.4-.6-2.4.2-5.1.6-7.4.4-2.3 1.2-6-.1-8.1-1.2-1.9-5.8-2.7-7-.5-.9 1.6 1.2 5.2-.6 5.6-2.4.6-2-2.3-1.8-3.4.3-1.5 1.1-3.2-.4-4.3-1.2-.9-4.7.3-5.9.5-2.4.5-2.5 1.4-3.6 3.3-1.2 2.1-1.4 1.7-3-.1-1.3-1.5-1.7-3.6-4-3.7-1.8-.1-3.4 1.7-4.2 3-1.4 2.2-1.3 4.1-1 6.5.2 1.4 1 3.8-.5 4.9-3.9 2.9-3.2-4.6-2.9-6.3.8-3.9-.4-8.1-5.4-5.6-3.8 1.9-4.1 6.7-4.1 10.5 0 1.6 1.2 5.8-.1 6.9-.8.7-1.8.3-2.4-.5-1.1-1.5.1-6.7 0-8.5-.1-3.5-.9-6.9-4.9-7.4-3.6-.6-6.7 1.2-6.8 4.9-.1 3.9 2 8.2.6 12-.9 2.4-2.9 2.9-4.6.9-2.4-2.8-.4-9 0-12.3.4-4.2.2-7-1.8-10.8C1.1 2.8.6 2.1 0 1.4v26.4h283.5V2.2c-.3.4-.6.8-.8 1.2z\"\/>\n<\/svg>\t\t<\/div>\n\t\t\t\t\t<div class=\"elementor-container elementor-column-gap-no\">\n\t\t\t\t\t<div class=\"elementor-column elementor-col-100 elementor-top-column elementor-element elementor-element-62037d82\" data-id=\"62037d82\" data-element_type=\"column\">\n\t\t\t<div class=\"elementor-widget-wrap elementor-element-populated\">\n\t\t\t\t\t\t\t\t<div class=\"elementor-element elementor-element-116d76c1 elementor-widget elementor-widget-heading\" data-id=\"116d76c1\" data-element_type=\"widget\" data-widget_type=\"heading.default\">\n\t\t\t\t<div class=\"elementor-widget-container\">\n\t\t\t<h2 class=\"elementor-heading-title elementor-size-xxl\">30 AUGUSTI<\/h2>\t\t<\/div>\n\t\t\t\t<\/div>\n\t\t\t\t\t<\/div>\n\t\t<\/div>\n\t\t\t\t\t\t\t<\/div>\n\t\t<\/section>\n\t\t\t\t<section class=\"elementor-section elementor-top-section elementor-element elementor-element-4c65d91b elementor-section-content-middle elementor-reverse-mobile elementor-section-boxed elementor-section-height-default elementor-section-height-default\" data-id=\"4c65d91b\" data-element_type=\"section\" data-settings=\"{&quot;background_background&quot;:&quot;classic&quot;}\">\n\t\t\t\t\t\t<div class=\"elementor-container elementor-column-gap-default\">\n\t\t\t\t\t<div class=\"elementor-column elementor-col-50 elementor-top-column elementor-element elementor-element-6d7a209b\" data-id=\"6d7a209b\" data-element_type=\"column\">\n\t\t\t<div class=\"elementor-widget-wrap elementor-element-populated\">\n\t\t\t\t\t\t\t\t<div class=\"elementor-element elementor-element-6ad7b118 elementor-widget elementor-widget-heading\" data-id=\"6ad7b118\" data-element_type=\"widget\" data-widget_type=\"heading.default\">\n\t\t\t\t<div class=\"elementor-widget-container\">\n\t\t\t<h3 class=\"elementor-heading-title elementor-size-default\">N\u00f6jes dagsfest<\/h3>\t\t<\/div>\n\t\t\t\t<\/div>\n\t\t\t\t<div class=\"elementor-element elementor-element-1557b577 elementor-widget elementor-widget-heading\" data-id=\"1557b577\" data-element_type=\"widget\" data-widget_type=\"heading.default\">\n\t\t\t\t<div class=\"elementor-widget-container\">\n\t\t\t<h3 class=\"elementor-heading-title elementor-size-default\">Kl 13.00 - 17.00<\/h3>\t\t<\/div>\n\t\t\t\t<\/div>\n\t\t\t\t<div class=\"elementor-element elementor-element-5a9cd791 elementor-widget elementor-widget-text-editor\" data-id=\"5a9cd791\" data-element_type=\"widget\" data-widget_type=\"text-editor.default\">\n\t\t\t\t<div class=\"elementor-widget-container\">\n\t\t\t\t\t\t\t<p><span style=\"font-weight: 400;\">Skolans festligaste k\u00e5rf\u00f6retag N\u00f6jes bjuder in till dagsfest d\u00e5 en av G\u00f6teborgs hetaste nattklubbar sl\u00e5r upp portarna bara f\u00f6r oss. Detta \u00e4r ett av v\u00e5ra mest omtyckta evenemang s\u00e5 se verkligen till att komma! Dessutom beh\u00f6ver du inte ha p\u00e5 dig nolletr\u00f6jan idag s\u00e5 ta chansen att kl\u00e4 upp er ordentligt!<\/span><\/p>\t\t\t\t\t\t<\/div>\n\t\t\t\t<\/div>\n\t\t\t\t\t<\/div>\n\t\t<\/div>\n\t\t\t\t<div class=\"elementor-column elementor-col-50 elementor-top-column elementor-element elementor-element-7a94db36\" data-id=\"7a94db36\" data-element_type=\"column\">\n\t\t\t<div class=\"elementor-widget-wrap elementor-element-populated\">\n\t\t\t\t\t\t\t\t<div class=\"elementor-element elementor-element-3eec9614 elementor-widget elementor-widget-image\" data-id=\"3eec9614\" data-element_type=\"widget\" data-widget_type=\"image.default\">\n\t\t\t\t<div class=\"elementor-widget-container\">\n\t\t\t\t\t\t\t\t\t\t\t\t\t\t\t<img loading=\"lazy\" decoding=\"async\" width=\"1862\" height=\"1285\" src=\"https:\/\/handelsnollning.se\/wp-content\/uploads\/2019\/07\/Bild-N\u00f6jes.jpg\" class=\"attachment-full size-full wp-image-1970\" alt=\"\" srcset=\"https:\/\/handelsnollning.se\/wp-content\/uploads\/2019\/07\/Bild-N\u00f6jes.jpg 1862w, https:\/\/handelsnollning.se\/wp-content\/uploads\/2019\/07\/Bild-N\u00f6jes-300x207.jpg 300w, https:\/\/handelsnollning.se\/wp-content\/uploads\/2019\/07\/Bild-N\u00f6jes-768x530.jpg 768w, https:\/\/handelsnollning.se\/wp-content\/uploads\/2019\/07\/Bild-N\u00f6jes-1024x707.jpg 1024w\" sizes=\"auto, (max-width: 1862px) 100vw, 1862px\" \/>\t\t\t\t\t\t\t\t\t\t\t\t\t\t\t<\/div>\n\t\t\t\t<\/div>\n\t\t\t\t\t<\/div>\n\t\t<\/div>\n\t\t\t\t\t\t\t<\/div>\n\t\t<\/section>\n\t\t\t\t<section class=\"elementor-section elementor-top-section elementor-element elementor-element-7817fda elementor-section-content-middle elementor-section-height-min-height elementor-section-boxed elementor-section-height-default elementor-section-items-middle\" data-id=\"7817fda\" data-element_type=\"section\" data-settings=\"{&quot;background_background&quot;:&quot;classic&quot;}\">\n\t\t\t\t\t\t<div class=\"elementor-container elementor-column-gap-default\">\n\t\t\t\t\t<div class=\"elementor-column elementor-col-14 elementor-top-column elementor-element elementor-element-75e6faa\" data-id=\"75e6faa\" data-element_type=\"column\">\n\t\t\t<div class=\"elementor-widget-wrap elementor-element-populated\">\n\t\t\t\t\t\t\t\t<div class=\"elementor-element elementor-element-186f12d elementor-align-center elementor-mobile-align-center elementor-widget__width-initial elementor-widget elementor-widget-button\" data-id=\"186f12d\" data-element_type=\"widget\" data-widget_type=\"button.default\">\n\t\t\t\t<div class=\"elementor-widget-container\">\n\t\t\t\t\t<div class=\"elementor-button-wrapper\">\n\t\t\t<a class=\"elementor-button elementor-button-link elementor-size-lg\" href=\"https:\/\/handelsnollning.se\/en\/27-aug\/\">\n\t\t\t\t\t\t<span class=\"elementor-button-content-wrapper\">\n\t\t\t\t\t\t<span class=\"elementor-button-text\">27 Aug<\/span>\n\t\t<\/span>\n\t\t\t\t\t<\/a>\n\t\t<\/div>\n\t\t\t\t<\/div>\n\t\t\t\t<\/div>\n\t\t\t\t\t<\/div>\n\t\t<\/div>\n\t\t\t\t<div class=\"elementor-column elementor-col-14 elementor-top-column elementor-element elementor-element-fa2af85\" data-id=\"fa2af85\" data-element_type=\"column\">\n\t\t\t<div class=\"elementor-widget-wrap elementor-element-populated\">\n\t\t\t\t\t\t\t\t<div class=\"elementor-element elementor-element-011b713 elementor-align-center elementor-mobile-align-center elementor-widget__width-auto elementor-widget elementor-widget-button\" data-id=\"011b713\" data-element_type=\"widget\" data-widget_type=\"button.default\">\n\t\t\t\t<div class=\"elementor-widget-container\">\n\t\t\t\t\t<div class=\"elementor-button-wrapper\">\n\t\t\t<a class=\"elementor-button elementor-button-link elementor-size-lg\" href=\"https:\/\/handelsnollning.se\/en\/28-aug\/\">\n\t\t\t\t\t\t<span class=\"elementor-button-content-wrapper\">\n\t\t\t\t\t\t<span class=\"elementor-button-text\">28 Aug<\/span>\n\t\t<\/span>\n\t\t\t\t\t<\/a>\n\t\t<\/div>\n\t\t\t\t<\/div>\n\t\t\t\t<\/div>\n\t\t\t\t\t<\/div>\n\t\t<\/div>\n\t\t\t\t<div class=\"elementor-column elementor-col-14 elementor-top-column elementor-element elementor-element-6545ed7\" data-id=\"6545ed7\" data-element_type=\"column\">\n\t\t\t<div class=\"elementor-widget-wrap elementor-element-populated\">\n\t\t\t\t\t\t\t\t<div class=\"elementor-element elementor-element-3841043 elementor-align-center elementor-mobile-align-center elementor-widget__width-auto elementor-widget elementor-widget-button\" data-id=\"3841043\" data-element_type=\"widget\" data-widget_type=\"button.default\">\n\t\t\t\t<div class=\"elementor-widget-container\">\n\t\t\t\t\t<div class=\"elementor-button-wrapper\">\n\t\t\t<a class=\"elementor-button elementor-button-link elementor-size-lg\" href=\"https:\/\/handelsnollning.se\/en\/29-aug\/\">\n\t\t\t\t\t\t<span class=\"elementor-button-content-wrapper\">\n\t\t\t\t\t\t<span class=\"elementor-button-text\">29 Aug<\/span>\n\t\t<\/span>\n\t\t\t\t\t<\/a>\n\t\t<\/div>\n\t\t\t\t<\/div>\n\t\t\t\t<\/div>\n\t\t\t\t\t<\/div>\n\t\t<\/div>\n\t\t\t\t<div class=\"elementor-column elementor-col-14 elementor-top-column elementor-element elementor-element-1dec44e\" data-id=\"1dec44e\" data-element_type=\"column\">\n\t\t\t<div class=\"elementor-widget-wrap elementor-element-populated\">\n\t\t\t\t\t\t\t\t<div class=\"elementor-element elementor-element-f66d63e elementor-align-center elementor-mobile-align-center elementor-widget__width-auto elementor-widget elementor-widget-button\" data-id=\"f66d63e\" data-element_type=\"widget\" data-widget_type=\"button.default\">\n\t\t\t\t<div class=\"elementor-widget-container\">\n\t\t\t\t\t<div class=\"elementor-button-wrapper\">\n\t\t\t<a class=\"elementor-button elementor-button-link elementor-size-lg\" href=\"https:\/\/handelsnollning.se\/en\/30-aug\/\">\n\t\t\t\t\t\t<span class=\"elementor-button-content-wrapper\">\n\t\t\t\t\t\t<span class=\"elementor-button-text\">30 Aug<\/span>\n\t\t<\/span>\n\t\t\t\t\t<\/a>\n\t\t<\/div>\n\t\t\t\t<\/div>\n\t\t\t\t<\/div>\n\t\t\t\t\t<\/div>\n\t\t<\/div>\n\t\t\t\t<div class=\"elementor-column elementor-col-14 elementor-top-column elementor-element elementor-element-4a293ca\" data-id=\"4a293ca\" data-element_type=\"column\">\n\t\t\t<div class=\"elementor-widget-wrap elementor-element-populated\">\n\t\t\t\t\t\t\t\t<div class=\"elementor-element elementor-element-8693efd elementor-align-center elementor-mobile-align-center elementor-widget__width-auto elementor-widget elementor-widget-button\" data-id=\"8693efd\" data-element_type=\"widget\" data-widget_type=\"button.default\">\n\t\t\t\t<div class=\"elementor-widget-container\">\n\t\t\t\t\t<div class=\"elementor-button-wrapper\">\n\t\t\t<a class=\"elementor-button elementor-button-link elementor-size-lg\" href=\"https:\/\/handelsnollning.se\/en\/31-aug\/\">\n\t\t\t\t\t\t<span class=\"elementor-button-content-wrapper\">\n\t\t\t\t\t\t<span class=\"elementor-button-text\">31 Aug<\/span>\n\t\t<\/span>\n\t\t\t\t\t<\/a>\n\t\t<\/div>\n\t\t\t\t<\/div>\n\t\t\t\t<\/div>\n\t\t\t\t\t<\/div>\n\t\t<\/div>\n\t\t\t\t<div class=\"elementor-column elementor-col-14 elementor-top-column elementor-element elementor-element-1255b6c\" data-id=\"1255b6c\" data-element_type=\"column\">\n\t\t\t<div class=\"elementor-widget-wrap elementor-element-populated\">\n\t\t\t\t\t\t\t\t<div class=\"elementor-element elementor-element-a28c499 elementor-align-center elementor-mobile-align-center elementor-widget__width-auto elementor-widget elementor-widget-button\" data-id=\"a28c499\" data-element_type=\"widget\" data-widget_type=\"button.default\">\n\t\t\t\t<div class=\"elementor-widget-container\">\n\t\t\t\t\t<div class=\"elementor-button-wrapper\">\n\t\t\t<a class=\"elementor-button elementor-button-link elementor-size-lg\" href=\"https:\/\/handelsnollning.se\/en\/1-sep\/\">\n\t\t\t\t\t\t<span class=\"elementor-button-content-wrapper\">\n\t\t\t\t\t\t<span class=\"elementor-button-text\">1 Sep<\/span>\n\t\t<\/span>\n\t\t\t\t\t<\/a>\n\t\t<\/div>\n\t\t\t\t<\/div>\n\t\t\t\t<\/div>\n\t\t\t\t\t<\/div>\n\t\t<\/div>\n\t\t\t\t<div class=\"elementor-column elementor-col-14 elementor-top-column elementor-element elementor-element-ed38feb\" data-id=\"ed38feb\" data-element_type=\"column\">\n\t\t\t<div class=\"elementor-widget-wrap elementor-element-populated\">\n\t\t\t\t\t\t\t\t<div class=\"elementor-element elementor-element-9a26bda elementor-align-center elementor-mobile-align-center elementor-widget__width-auto elementor-widget elementor-widget-button\" data-id=\"9a26bda\" data-element_type=\"widget\" data-widget_type=\"button.default\">\n\t\t\t\t<div class=\"elementor-widget-container\">\n\t\t\t\t\t<div class=\"elementor-button-wrapper\">\n\t\t\t<a class=\"elementor-button elementor-button-link elementor-size-lg\" href=\"https:\/\/handelsnollning.se\/en\/2-sep\/\">\n\t\t\t\t\t\t<span class=\"elementor-button-content-wrapper\">\n\t\t\t\t\t\t<span class=\"elementor-button-text\">2 Sep<\/span>\n\t\t<\/span>\n\t\t\t\t\t<\/a>\n\t\t<\/div>\n\t\t\t\t<\/div>\n\t\t\t\t<\/div>\n\t\t\t\t\t<\/div>\n\t\t<\/div>\n\t\t\t\t\t\t\t<\/div>\n\t\t<\/section>\n\t\t\t\t<section class=\"elementor-section elementor-top-section elementor-element elementor-element-1cca2282 elementor-section-content-middle elementor-section-boxed elementor-section-height-default elementor-section-height-default\" data-id=\"1cca2282\" data-element_type=\"section\" data-settings=\"{&quot;background_background&quot;:&quot;gradient&quot;,&quot;shape_divider_top&quot;:&quot;drops&quot;}\">\n\t\t\t\t\t\t\t<div class=\"elementor-background-overlay\"><\/div>\n\t\t\t\t\t\t<div class=\"elementor-shape elementor-shape-top\" data-negative=\"false\">\n\t\t\t<svg xmlns=\"http:\/\/www.w3.org\/2000\/svg\" height=\"100%\" viewbox=\"0 0 283.5 27.8\" preserveaspectratio=\"xMidYMax slice\">\n\t<path class=\"elementor-shape-fill\" d=\"M0 0v1.4c.6.7 1.1 1.4 1.4 2 2 3.8 2.2 6.6 1.8 10.8-.3 3.3-2.4 9.4 0 12.3 1.7 2 3.7 1.4 4.6-.9 1.4-3.8-.7-8.2-.6-12 .1-3.7 3.2-5.5 6.9-4.9 4 .6 4.8 4 4.9 7.4.1 1.8-1.1 7 0 8.5.6.8 1.6 1.2 2.4.5 1.4-1.1.1-5.4.1-6.9.1-3.7.3-8.6 4.1-10.5 5-2.5 6.2 1.6 5.4 5.6-.4 1.7-1 9.2 2.9 6.3 1.5-1.1.7-3.5.5-4.9-.4-2.4-.4-4.3 1-6.5.9-1.4 2.4-3.1 4.2-3 2.4.1 2.7 2.2 4 3.7 1.5 1.8 1.8 2.2 3 .1 1.1-1.9 1.2-2.8 3.6-3.3 1.3-.3 4.8-1.4 5.9-.5 1.5 1.1.6 2.8.4 4.3-.2 1.1-.6 4 1.8 3.4 1.7-.4-.3-4.1.6-5.6 1.3-2.2 5.8-1.4 7 .5 1.3 2.1.5 5.8.1 8.1s-1.2 5-.6 7.4c1.3 5.1 4.4.9 4.3-2.4-.1-4.4-2-8.8-.5-13 .9-2.4 4.6-6.6 7.7-4.5 2.7 1.8.5 7.8.2 10.3-.2 1.7-.8 4.6.2 6.2.9 1.4 2 1.5 2.6-.3.5-1.5-.9-4.5-1-6.1-.2-1.7-.4-3.7.2-5.4 1.8-5.6 3.5 2.4 6.3.6 1.4-.9 4.3-9.4 6.1-3.1.6 2.2-1.3 7.8.7 8.9 4.2 2.3 1.5-7.1 2.2-8 3.1-4 4.7 3.8 6.1 4.1 3.1.7 2.8-7.9 8.1-4.5 1.7 1.1 2.9 3.3 3.2 5.2.4 2.2-1 4.5-.6 6.6 1 4.3 4.4 1.5 4.4-1.7 0-2.7-3-8.3 1.4-9.1 4.4-.9 7.3 3.5 7.8 6.9.3 2-1.5 10.9 1.3 11.3 4.1.6-3.2-15.7 4.8-15.8 4.7-.1 2.8 4.1 3.9 6.6 1 2.4 2.1 1 2.3-.8.3-1.9-.9-3.2 1.3-4.3 5.9-2.9 5.9 5.4 5.5 8.5-.3 2-1.7 8.4 2 8.1 6.9-.5-2.8-16.9 4.8-18.7 4.7-1.2 6.1 3.6 6.3 7.1.1 1.7-1.2 8.1.6 9.1 3.5 2 1.9-7 2-8.4.2-4 1.2-9.6 6.4-9.8 4.7-.2 3.2 4.6 2.7 7.5-.4 2.2 1.3 8.6 3.8 4.4 1.1-1.9-.3-4.1-.3-6 0-1.7.4-3.2 1.3-4.6 1-1.6 2.9-3.5 5.1-2.9 2.5.6 2.3 4.1 4.1 4.9 1.9.8 1.6-.9 2.3-2.1 1.2-2.1 2.1-2.1 4.4-2.4 1.4-.2 3.6-1.5 4.9-.5 2.3 1.7-.7 4.4.1 6.5.6 1.5 2.1 1.7 2.8.3.7-1.4-1.1-3.4-.3-4.8 1.4-2.5 6.2-1.2 7.2 1 2.3 4.8-3.3 12-.2 16.3 3 4.1 3.9-2.8 3.8-4.8-.4-4.3-2.1-8.9 0-13.1 1.3-2.5 5.9-5.7 7.9-2.4 2 3.2-1.3 9.8-.8 13.4.5 4.4 3.5 3.3 2.7-.8-.4-1.9-2.4-10 .6-11.1 3.7-1.4 2.8 7.2 6.5.4 2.2-4.1 4.9-3.1 5.2 1.2.1 1.5-.6 3.1-.4 4.6.2 1.9 1.8 3.7 3.3 1.3 1-1.6-2.6-10.4 2.9-7.3 2.6 1.5 1.6 6.5 4.8 2.7 1.3-1.5 1.7-3.6 4-3.7 2.2-.1 4 2.3 4.8 4.1 1.3 2.9-1.5 8.4.9 10.3 4.2 3.3 3-5.5 2.7-6.9-.6-3.9 1-7.2 5.5-5 4.1 2.1 4.3 7.7 4.1 11.6 0 .8-.6 9.5 2.5 5.2 1.2-1.7-.1-7.7.1-9.6.3-2.9 1.2-5.5 4.3-6.2 4.5-1 7.7 1.5 7.4 5.8-.2 3.5-1.8 7.7-.5 11.1 1 2.7 3.6 2.8 5 .2 1.6-3.1 0-8.3-.4-11.6-.4-4.2-.2-7 1.8-10.8 0 0-.1.1-.1.2-.2.4-.3.7-.4.8v.1c-.1.2-.1.2 0 0v-.1l.4-.8c0-.1.1-.1.1-.2.2-.4.5-.8.8-1.2V0H0zM282.7 3.4z\"\/>\n<\/svg>\t\t<\/div>\n\t\t\t\t\t<div class=\"elementor-container elementor-column-gap-default\">\n\t\t\t\t\t<div class=\"elementor-column elementor-col-100 elementor-top-column elementor-element elementor-element-342bd69a\" data-id=\"342bd69a\" data-element_type=\"column\">\n\t\t\t<div class=\"elementor-widget-wrap\">\n\t\t\t\t\t\t\t\t\t<\/div>\n\t\t<\/div>\n\t\t\t\t\t\t\t<\/div>\n\t\t<\/section>\n\t\t\t\t<section class=\"elementor-section elementor-top-section elementor-element elementor-element-7579a1c1 elementor-section-boxed elementor-section-height-default elementor-section-height-default\" data-id=\"7579a1c1\" data-element_type=\"section\">\n\t\t\t\t\t\t<div class=\"elementor-container elementor-column-gap-default\">\n\t\t\t\t\t<div class=\"elementor-column elementor-col-100 elementor-top-column elementor-element elementor-element-409a0605\" data-id=\"409a0605\" data-element_type=\"column\">\n\t\t\t<div class=\"elementor-widget-wrap\">\n\t\t\t\t\t\t\t\t\t<\/div>\n\t\t<\/div>\n\t\t\t\t\t\t\t<\/div>\n\t\t<\/section>\n\t\t\t\t\t\t\t<\/div>","protected":false},"excerpt":{"rendered":"<p>30 AUGUSTI N\u00f6jes dagsfest Kl 13.00 &#8211; 17.00 Skolans festligaste k\u00e5rf\u00f6retag N\u00f6jes bjuder in till dagsfest d\u00e5 en av G\u00f6teborgs hetaste nattklubbar sl\u00e5r upp portarna bara f\u00f6r oss. Detta \u00e4r ett av v\u00e5ra mest omtyckta evenemang s\u00e5 se verkligen till att komma! Dessutom beh\u00f6ver du inte ha p\u00e5 dig nolletr\u00f6jan idag s\u00e5 ta chansen att &hellip;<\/p>\n<p class=\"read-more\"> <a class=\"\" href=\"https:\/\/handelsnollning.se\/en\/30-aug\/\"> <span class=\"screen-reader-text\">30 Aug<\/span> Read More &raquo;<\/a><\/p>","protected":false},"author":1,"featured_media":0,"parent":0,"menu_order":0,"comment_status":"closed","ping_status":"closed","template":"","meta":{"om_disable_all_campaigns":false,"_monsterinsights_skip_tracking":false,"_monsterinsights_sitenote_active":false,"_monsterinsights_sitenote_note":"","_monsterinsights_sitenote_category":0,"footnotes":""},"class_list":["post-608","page","type-page","status-publish","hentry"],"aioseo_notices":[],"_links":{"self":[{"href":"https:\/\/handelsnollning.se\/en\/wp-json\/wp\/v2\/pages\/608","targetHints":{"allow":["GET"]}}],"collection":[{"href":"https:\/\/handelsnollning.se\/en\/wp-json\/wp\/v2\/pages"}],"about":[{"href":"https:\/\/handelsnollning.se\/en\/wp-json\/wp\/v2\/types\/page"}],"author":[{"embeddable":true,"href":"https:\/\/handelsnollning.se\/en\/wp-json\/wp\/v2\/users\/1"}],"replies":[{"embeddable":true,"href":"https:\/\/handelsnollning.se\/en\/wp-json\/wp\/v2\/comments?post=608"}],"version-history":[{"count":11,"href":"https:\/\/handelsnollning.se\/en\/wp-json\/wp\/v2\/pages\/608\/revisions"}],"predecessor-version":[{"id":2264,"href":"https:\/\/handelsnollning.se\/en\/wp-json\/wp\/v2\/pages\/608\/revisions\/2264"}],"wp:attachment":[{"href":"https:\/\/handelsnollning.se\/en\/wp-json\/wp\/v2\/media?parent=608"}],"curies":[{"name":"wp","href":"https:\/\/api.w.org\/{rel}","templated":true}]}}