{"id":746,"date":"2019-05-12T09:18:38","date_gmt":"2019-05-12T09:18:38","guid":{"rendered":"http:\/\/handelsnollning.se\/?page_id=746"},"modified":"2026-03-06T11:56:50","modified_gmt":"2026-03-06T11:56:50","slug":"bostad-i-goteborg","status":"publish","type":"page","link":"https:\/\/handelsnollning.se\/en\/bostad-i-goteborg\/","title":{"rendered":"Housing in Gothenburg"},"content":{"rendered":"<div data-elementor-type=\"wp-post\" data-elementor-id=\"746\" class=\"elementor elementor-746\">\n\t\t\t\t\t\t\t\t\t<section class=\"elementor-section elementor-top-section elementor-element elementor-element-7f2a34d elementor-section-boxed elementor-section-height-default elementor-section-height-default\" data-id=\"7f2a34d\" data-element_type=\"section\" data-settings=\"{&quot;background_background&quot;:&quot;classic&quot;}\">\n\t\t\t\t\t\t\t<div class=\"elementor-background-overlay\"><\/div>\n\t\t\t\t\t\t\t<div class=\"elementor-container elementor-column-gap-default\">\n\t\t\t\t\t<div class=\"elementor-column elementor-col-100 elementor-top-column elementor-element elementor-element-9644b8b\" data-id=\"9644b8b\" data-element_type=\"column\">\n\t\t\t<div class=\"elementor-widget-wrap elementor-element-populated\">\n\t\t\t\t\t\t\t\t<div class=\"elementor-element elementor-element-2d5d6962 elementor-widget elementor-widget-heading\" data-id=\"2d5d6962\" data-element_type=\"widget\" data-widget_type=\"heading.default\">\n\t\t\t\t<div class=\"elementor-widget-container\">\n\t\t\t<h2 class=\"elementor-heading-title elementor-size-large\">HOUSING IN GOTHENBURG<\/h2>\t\t<\/div>\n\t\t\t\t<\/div>\n\t\t\t\t<div class=\"elementor-element elementor-element-55612289 elementor-widget elementor-widget-spacer\" data-id=\"55612289\" data-element_type=\"widget\" data-widget_type=\"spacer.default\">\n\t\t\t\t<div class=\"elementor-widget-container\">\n\t\t\t\t\t<div class=\"elementor-spacer\">\n\t\t\t<div class=\"elementor-spacer-inner\"><\/div>\n\t\t<\/div>\n\t\t\t\t<\/div>\n\t\t\t\t<\/div>\n\t\t\t\t<div class=\"elementor-element elementor-element-761e3d6b elementor-widget elementor-widget-heading\" data-id=\"761e3d6b\" data-element_type=\"widget\" data-widget_type=\"heading.default\">\n\t\t\t\t<div class=\"elementor-widget-container\">\n\t\t\t<p class=\"elementor-heading-title elementor-size-large\">It can be difficult to find accommodation in Gothenburg as a newcomer to the city. Below are some tips on ways to make your housing search a bit easier. <\/p>\t\t<\/div>\n\t\t\t\t<\/div>\n\t\t\t\t<div class=\"elementor-element elementor-element-49080c6f elementor-widget elementor-widget-spacer\" data-id=\"49080c6f\" data-element_type=\"widget\" data-widget_type=\"spacer.default\">\n\t\t\t\t<div class=\"elementor-widget-container\">\n\t\t\t\t\t<div class=\"elementor-spacer\">\n\t\t\t<div class=\"elementor-spacer-inner\"><\/div>\n\t\t<\/div>\n\t\t\t\t<\/div>\n\t\t\t\t<\/div>\n\t\t\t\t\t<\/div>\n\t\t<\/div>\n\t\t\t\t\t\t\t<\/div>\n\t\t<\/section>\n\t\t\t\t<section class=\"elementor-section elementor-top-section elementor-element elementor-element-224eb5ce elementor-section-boxed elementor-section-height-default elementor-section-height-default\" data-id=\"224eb5ce\" data-element_type=\"section\">\n\t\t\t\t\t\t<div class=\"elementor-container elementor-column-gap-wider\">\n\t\t\t\t\t<div class=\"elementor-column elementor-col-50 elementor-top-column elementor-element elementor-element-e84a7e7\" data-id=\"e84a7e7\" data-element_type=\"column\">\n\t\t\t<div class=\"elementor-widget-wrap elementor-element-populated\">\n\t\t\t\t\t\t\t\t<div class=\"elementor-element elementor-element-58a341ab elementor-position-top elementor-widget elementor-widget-image-box\" data-id=\"58a341ab\" data-element_type=\"widget\" data-widget_type=\"image-box.default\">\n\t\t\t\t<div class=\"elementor-widget-container\">\n\t\t\t<div class=\"elementor-image-box-wrapper\"><figure class=\"elementor-image-box-img\"><img loading=\"lazy\" decoding=\"async\" width=\"4725\" height=\"3544\" src=\"https:\/\/handelsnollning.se\/wp-content\/uploads\/2019\/06\/SGS-VIT.png\" class=\"attachment-full size-full wp-image-1266\" alt=\"\" srcset=\"https:\/\/handelsnollning.se\/wp-content\/uploads\/2019\/06\/SGS-VIT.png 4725w, https:\/\/handelsnollning.se\/wp-content\/uploads\/2019\/06\/SGS-VIT-300x225.png 300w, https:\/\/handelsnollning.se\/wp-content\/uploads\/2019\/06\/SGS-VIT-768x576.png 768w, https:\/\/handelsnollning.se\/wp-content\/uploads\/2019\/06\/SGS-VIT-1024x768.png 1024w\" sizes=\"auto, (max-width: 4725px) 100vw, 4725px\" \/><\/figure><div class=\"elementor-image-box-content\"><h3 class=\"elementor-image-box-title\">SGS Studentbost\u00e4der<\/h3><p class=\"elementor-image-box-description\">SGS har G\u00f6teborgs st\u00f6rsta utbud av studentbost\u00e4der. P\u00e5 deras hemsida kan du f\u00e5 mer information om vad som g\u00e4ller n\u00e4r du flyttar in, bor och flyttar ut ur din SGS-l\u00e4genhet. Som ny k\u00e5rmedlem f\u00e5r du  3 m\u00e5nader extra k\u00f6tid till SGS.\nF\u00f6r att l\u00e4sa mer om din studentk\u00e5r och hur du blir medlem klicka p\u00e5 \"l\u00e4s mer\".<\/p><\/div><\/div>\t\t<\/div>\n\t\t\t\t<\/div>\n\t\t\t\t<div class=\"elementor-element elementor-element-da886b7 elementor-align-center elementor-widget elementor-widget-button\" data-id=\"da886b7\" data-element_type=\"widget\" data-widget_type=\"button.default\">\n\t\t\t\t<div class=\"elementor-widget-container\">\n\t\t\t\t\t<div class=\"elementor-button-wrapper\">\n\t\t\t<a class=\"elementor-button elementor-button-link elementor-size-sm\" href=\"https:\/\/sgs.se\/\">\n\t\t\t\t\t\t<span class=\"elementor-button-content-wrapper\">\n\t\t\t\t\t\t<span class=\"elementor-button-text\">READ MORE<\/span>\n\t\t<\/span>\n\t\t\t\t\t<\/a>\n\t\t<\/div>\n\t\t\t\t<\/div>\n\t\t\t\t<\/div>\n\t\t\t\t\t<\/div>\n\t\t<\/div>\n\t\t\t\t<div class=\"elementor-column elementor-col-50 elementor-top-column elementor-element elementor-element-4528f1a9\" data-id=\"4528f1a9\" data-element_type=\"column\">\n\t\t\t<div class=\"elementor-widget-wrap elementor-element-populated\">\n\t\t\t\t\t\t\t\t<div class=\"elementor-element elementor-element-2008372c elementor-position-top elementor-widget elementor-widget-image-box\" data-id=\"2008372c\" data-element_type=\"widget\" data-widget_type=\"image-box.default\">\n\t\t\t\t<div class=\"elementor-widget-container\">\n\t\t\t<div class=\"elementor-image-box-wrapper\"><figure class=\"elementor-image-box-img\"><img loading=\"lazy\" decoding=\"async\" width=\"4749\" height=\"3544\" src=\"https:\/\/handelsnollning.se\/wp-content\/uploads\/2019\/06\/CHALMERS-VIT.png\" class=\"attachment-full size-full wp-image-1268\" alt=\"\" srcset=\"https:\/\/handelsnollning.se\/wp-content\/uploads\/2019\/06\/CHALMERS-VIT.png 4749w, https:\/\/handelsnollning.se\/wp-content\/uploads\/2019\/06\/CHALMERS-VIT-300x224.png 300w, https:\/\/handelsnollning.se\/wp-content\/uploads\/2019\/06\/CHALMERS-VIT-768x573.png 768w, https:\/\/handelsnollning.se\/wp-content\/uploads\/2019\/06\/CHALMERS-VIT-1024x764.png 1024w\" sizes=\"auto, (max-width: 4749px) 100vw, 4749px\" \/><\/figure><div class=\"elementor-image-box-content\"><h3 class=\"elementor-image-box-title\">Chalmers Studentbost\u00e4der<\/h3><p class=\"elementor-image-box-description\">Chalmers University of Technology in Gothenburg also offer student housing in Landala, Guldheden, Emilsborg, Johanneberg, and Lindholmen. On their website, you can find more information about what it's like to live in their student housing and how to apply for a residence with them. All information is provided in English. \n<\/p><\/div><\/div>\t\t<\/div>\n\t\t\t\t<\/div>\n\t\t\t\t<div class=\"elementor-element elementor-element-0ae5860 elementor-align-center elementor-widget elementor-widget-button\" data-id=\"0ae5860\" data-element_type=\"widget\" data-widget_type=\"button.default\">\n\t\t\t\t<div class=\"elementor-widget-container\">\n\t\t\t\t\t<div class=\"elementor-button-wrapper\">\n\t\t\t<a class=\"elementor-button elementor-button-link elementor-size-sm\" href=\"https:\/\/www.chalmersstudentbostader.se\">\n\t\t\t\t\t\t<span class=\"elementor-button-content-wrapper\">\n\t\t\t\t\t\t<span class=\"elementor-button-text\">READ MORE<\/span>\n\t\t<\/span>\n\t\t\t\t\t<\/a>\n\t\t<\/div>\n\t\t\t\t<\/div>\n\t\t\t\t<\/div>\n\t\t\t\t\t<\/div>\n\t\t<\/div>\n\t\t\t\t\t\t\t<\/div>\n\t\t<\/section>\n\t\t\t\t<section class=\"elementor-section elementor-top-section elementor-element elementor-element-8f0c68e elementor-section-boxed elementor-section-height-default elementor-section-height-default\" data-id=\"8f0c68e\" data-element_type=\"section\">\n\t\t\t\t\t\t<div class=\"elementor-container elementor-column-gap-wider\">\n\t\t\t\t\t<div class=\"elementor-column elementor-col-50 elementor-top-column elementor-element elementor-element-e086352\" data-id=\"e086352\" data-element_type=\"column\">\n\t\t\t<div class=\"elementor-widget-wrap elementor-element-populated\">\n\t\t\t\t\t\t\t\t<div class=\"elementor-element elementor-element-9eacabc elementor-position-top elementor-widget elementor-widget-image-box\" data-id=\"9eacabc\" data-element_type=\"widget\" data-widget_type=\"image-box.default\">\n\t\t\t\t<div class=\"elementor-widget-container\">\n\t\t\t<div class=\"elementor-image-box-wrapper\"><figure class=\"elementor-image-box-img\"><img loading=\"lazy\" decoding=\"async\" width=\"4725\" height=\"3544\" src=\"https:\/\/handelsnollning.se\/wp-content\/uploads\/2019\/06\/BOplat-VIT.png\" class=\"attachment-full size-full wp-image-1269\" alt=\"\" srcset=\"https:\/\/handelsnollning.se\/wp-content\/uploads\/2019\/06\/BOplat-VIT.png 4725w, https:\/\/handelsnollning.se\/wp-content\/uploads\/2019\/06\/BOplat-VIT-300x225.png 300w, https:\/\/handelsnollning.se\/wp-content\/uploads\/2019\/06\/BOplat-VIT-768x576.png 768w, https:\/\/handelsnollning.se\/wp-content\/uploads\/2019\/06\/BOplat-VIT-1024x768.png 1024w\" sizes=\"auto, (max-width: 4725px) 100vw, 4725px\" \/><\/figure><div class=\"elementor-image-box-content\"><h3 class=\"elementor-image-box-title\">Boplats G\u00f6teborg<\/h3><p class=\"elementor-image-box-description\">Boplats.se is a marketplace where landlords within commuting distance of Gothenburg can advertise their available rental apartments. You search for apartments by registering on the website and expressing interest in individual apartments. Apartment ads come from both municipal housing companies and private property owners. Boplats is owned by the City of Gothenburg.\n<\/p><\/div><\/div>\t\t<\/div>\n\t\t\t\t<\/div>\n\t\t\t\t<div class=\"elementor-element elementor-element-b52927f elementor-align-center elementor-widget elementor-widget-button\" data-id=\"b52927f\" data-element_type=\"widget\" data-widget_type=\"button.default\">\n\t\t\t\t<div class=\"elementor-widget-container\">\n\t\t\t\t\t<div class=\"elementor-button-wrapper\">\n\t\t\t<a class=\"elementor-button elementor-button-link elementor-size-sm\" href=\"https:\/\/nya.boplats.se\">\n\t\t\t\t\t\t<span class=\"elementor-button-content-wrapper\">\n\t\t\t\t\t\t<span class=\"elementor-button-text\">READ MORE<\/span>\n\t\t<\/span>\n\t\t\t\t\t<\/a>\n\t\t<\/div>\n\t\t\t\t<\/div>\n\t\t\t\t<\/div>\n\t\t\t\t\t<\/div>\n\t\t<\/div>\n\t\t\t\t<div class=\"elementor-column elementor-col-50 elementor-top-column elementor-element elementor-element-e319262\" data-id=\"e319262\" data-element_type=\"column\">\n\t\t\t<div class=\"elementor-widget-wrap elementor-element-populated\">\n\t\t\t\t\t\t\t\t<div class=\"elementor-element elementor-element-e3b7389 elementor-position-top elementor-widget elementor-widget-image-box\" data-id=\"e3b7389\" data-element_type=\"widget\" data-widget_type=\"image-box.default\">\n\t\t\t\t<div class=\"elementor-widget-container\">\n\t\t\t<div class=\"elementor-image-box-wrapper\"><figure class=\"elementor-image-box-img\"><img loading=\"lazy\" decoding=\"async\" width=\"4725\" height=\"3544\" src=\"https:\/\/handelsnollning.se\/wp-content\/uploads\/2019\/06\/Blocket-Vit.png\" class=\"attachment-full size-full wp-image-1270\" alt=\"\" srcset=\"https:\/\/handelsnollning.se\/wp-content\/uploads\/2019\/06\/Blocket-Vit.png 4725w, https:\/\/handelsnollning.se\/wp-content\/uploads\/2019\/06\/Blocket-Vit-300x225.png 300w, https:\/\/handelsnollning.se\/wp-content\/uploads\/2019\/06\/Blocket-Vit-768x576.png 768w, https:\/\/handelsnollning.se\/wp-content\/uploads\/2019\/06\/Blocket-Vit-1024x768.png 1024w\" sizes=\"auto, (max-width: 4725px) 100vw, 4725px\" \/><\/figure><div class=\"elementor-image-box-content\"><h3 class=\"elementor-image-box-title\">Blocket \/ Second hand<\/h3><p class=\"elementor-image-box-description\">On Blocket, you can search for sublet contracts under the 'housing' tab. Here, there are listings for both sublet contracts as well as contracts for renting a room in apartments and houses. This is a good option for those who are looking for a shorter rental contract. There is also the possibility of finding sublet rentals in the Facebook group \"Bostad att hyra i G\u00f6teborg\" (Housing for rent in Gothenburg).\n<\/p><\/div><\/div>\t\t<\/div>\n\t\t\t\t<\/div>\n\t\t\t\t<div class=\"elementor-element elementor-element-b2a6e1e elementor-align-center elementor-widget elementor-widget-button\" data-id=\"b2a6e1e\" data-element_type=\"widget\" data-widget_type=\"button.default\">\n\t\t\t\t<div class=\"elementor-widget-container\">\n\t\t\t\t\t<div class=\"elementor-button-wrapper\">\n\t\t\t<a class=\"elementor-button elementor-button-link elementor-size-sm\" href=\"https:\/\/www.blocket.se\">\n\t\t\t\t\t\t<span class=\"elementor-button-content-wrapper\">\n\t\t\t\t\t\t<span class=\"elementor-button-text\">READ MORE<\/span>\n\t\t<\/span>\n\t\t\t\t\t<\/a>\n\t\t<\/div>\n\t\t\t\t<\/div>\n\t\t\t\t<\/div>\n\t\t\t\t\t<\/div>\n\t\t<\/div>\n\t\t\t\t\t\t\t<\/div>\n\t\t<\/section>\n\t\t\t\t<section class=\"elementor-section elementor-top-section elementor-element elementor-element-ced6d90 elementor-section-boxed elementor-section-height-default elementor-section-height-default\" data-id=\"ced6d90\" data-element_type=\"section\">\n\t\t\t\t\t\t<div class=\"elementor-container elementor-column-gap-wider\">\n\t\t\t\t\t<div class=\"elementor-column elementor-col-50 elementor-top-column elementor-element elementor-element-31a6440\" data-id=\"31a6440\" data-element_type=\"column\">\n\t\t\t<div class=\"elementor-widget-wrap elementor-element-populated\">\n\t\t\t\t\t\t\t\t<div class=\"elementor-element elementor-element-24f639b elementor-position-top elementor-widget elementor-widget-image-box\" data-id=\"24f639b\" data-element_type=\"widget\" data-widget_type=\"image-box.default\">\n\t\t\t\t<div class=\"elementor-widget-container\">\n\t\t\t<div class=\"elementor-image-box-wrapper\"><figure class=\"elementor-image-box-img\"><img loading=\"lazy\" decoding=\"async\" width=\"2048\" height=\"1699\" src=\"https:\/\/handelsnollning.se\/wp-content\/uploads\/2025\/06\/HGF_logo_centered_RGB_POS-2048x1699.png\" class=\"attachment-2048x2048 size-2048x2048 wp-image-4585\" alt=\"\" srcset=\"https:\/\/handelsnollning.se\/wp-content\/uploads\/2025\/06\/HGF_logo_centered_RGB_POS-2048x1699.png 2048w, https:\/\/handelsnollning.se\/wp-content\/uploads\/2025\/06\/HGF_logo_centered_RGB_POS-300x249.png 300w, https:\/\/handelsnollning.se\/wp-content\/uploads\/2025\/06\/HGF_logo_centered_RGB_POS-1024x850.png 1024w, https:\/\/handelsnollning.se\/wp-content\/uploads\/2025\/06\/HGF_logo_centered_RGB_POS-768x637.png 768w, https:\/\/handelsnollning.se\/wp-content\/uploads\/2025\/06\/HGF_logo_centered_RGB_POS-1536x1275.png 1536w, https:\/\/handelsnollning.se\/wp-content\/uploads\/2025\/06\/HGF_logo_centered_RGB_POS-14x12.png 14w\" sizes=\"auto, (max-width: 2048px) 100vw, 2048px\" \/><\/figure><div class=\"elementor-image-box-content\"><h3 class=\"elementor-image-box-title\">Hyresg\u00e4stf\u00f6reningen<\/h3><p class=\"elementor-image-box-description\">Hyresg\u00e4stf\u00f6reningen organize tenants and fight together for everyone\u2019s right to good housing at a reasonable cost. As a member you can receive advice and support regarding your housing throughout your studies. Take help from the moving guide and read more!<\/p><\/div><\/div>\t\t<\/div>\n\t\t\t\t<\/div>\n\t\t\t\t<div class=\"elementor-element elementor-element-1a73c41 elementor-align-center elementor-widget elementor-widget-button\" data-id=\"1a73c41\" data-element_type=\"widget\" data-widget_type=\"button.default\">\n\t\t\t\t<div class=\"elementor-widget-container\">\n\t\t\t\t\t<div class=\"elementor-button-wrapper\">\n\t\t\t<a class=\"elementor-button elementor-button-link elementor-size-sm\" href=\"https:\/\/www.hyresgastforeningen.se\/flyttguiden\/\">\n\t\t\t\t\t\t<span class=\"elementor-button-content-wrapper\">\n\t\t\t\t\t\t<span class=\"elementor-button-text\">READ MORE<\/span>\n\t\t<\/span>\n\t\t\t\t\t<\/a>\n\t\t<\/div>\n\t\t\t\t<\/div>\n\t\t\t\t<\/div>\n\t\t\t\t\t<\/div>\n\t\t<\/div>\n\t\t\t\t<div class=\"elementor-column elementor-col-50 elementor-top-column elementor-element elementor-element-aabd492\" data-id=\"aabd492\" data-element_type=\"column\">\n\t\t\t<div class=\"elementor-widget-wrap\">\n\t\t\t\t\t\t\t\t\t<\/div>\n\t\t<\/div>\n\t\t\t\t\t\t\t<\/div>\n\t\t<\/section>\n\t\t\t\t<section class=\"elementor-section elementor-top-section elementor-element elementor-element-70acd28 elementor-section-height-min-height elementor-section-content-middle elementor-section-boxed elementor-section-height-default elementor-section-items-middle\" data-id=\"70acd28\" data-element_type=\"section\" data-settings=\"{&quot;background_background&quot;:&quot;classic&quot;}\">\n\t\t\t\t\t\t<div class=\"elementor-container elementor-column-gap-default\">\n\t\t\t\t\t<div class=\"elementor-column elementor-col-50 elementor-top-column elementor-element elementor-element-a7bc291\" data-id=\"a7bc291\" data-element_type=\"column\">\n\t\t\t<div class=\"elementor-widget-wrap elementor-element-populated\">\n\t\t\t\t\t\t\t\t<div class=\"elementor-element elementor-element-d5bae32 elementor-widget elementor-widget-image\" data-id=\"d5bae32\" data-element_type=\"widget\" data-widget_type=\"image.default\">\n\t\t\t\t<div class=\"elementor-widget-container\">\n\t\t\t\t\t\t\t\t\t\t\t\t\t\t\t<img loading=\"lazy\" decoding=\"async\" width=\"1024\" height=\"156\" src=\"https:\/\/handelsnollning.se\/wp-content\/uploads\/2019\/07\/Adress\u00e4ndring-Logga-1024x156.png\" class=\"attachment-large size-large wp-image-2233\" alt=\"\" srcset=\"https:\/\/handelsnollning.se\/wp-content\/uploads\/2019\/07\/Adress\u00e4ndring-Logga-1024x156.png 1024w, https:\/\/handelsnollning.se\/wp-content\/uploads\/2019\/07\/Adress\u00e4ndring-Logga-300x46.png 300w, https:\/\/handelsnollning.se\/wp-content\/uploads\/2019\/07\/Adress\u00e4ndring-Logga-768x117.png 768w\" sizes=\"auto, (max-width: 1024px) 100vw, 1024px\" \/>\t\t\t\t\t\t\t\t\t\t\t\t\t\t\t<\/div>\n\t\t\t\t<\/div>\n\t\t\t\t<section class=\"elementor-section elementor-inner-section elementor-element elementor-element-fe94bf9 elementor-section-boxed elementor-section-height-default elementor-section-height-default\" data-id=\"fe94bf9\" data-element_type=\"section\">\n\t\t\t\t\t\t<div class=\"elementor-container elementor-column-gap-default\">\n\t\t\t\t\t<div class=\"elementor-column elementor-col-100 elementor-inner-column elementor-element elementor-element-b6a21e2\" data-id=\"b6a21e2\" data-element_type=\"column\">\n\t\t\t<div class=\"elementor-widget-wrap elementor-element-populated\">\n\t\t\t\t\t\t\t\t<div class=\"elementor-element elementor-element-f1f8def elementor-widget elementor-widget-text-editor\" data-id=\"f1f8def\" data-element_type=\"widget\" data-widget_type=\"text-editor.default\">\n\t\t\t\t<div class=\"elementor-widget-container\">\n\t\t\t\t\t\t\t<p>Congratulations on your admission to the School of Business, Economics and Law at the University of Gothenburg. Moving and starting your studies are big steps in life. Remember to change your address so that you receive mail intended for you. Who knows what might end up in your mailbox? A wedding invitation, a bill, or even a scholarship?<\/p>\t\t\t\t\t\t<\/div>\n\t\t\t\t<\/div>\n\t\t\t\t\t<\/div>\n\t\t<\/div>\n\t\t\t\t\t\t\t<\/div>\n\t\t<\/section>\n\t\t\t\t\t<\/div>\n\t\t<\/div>\n\t\t\t\t<div class=\"elementor-column elementor-col-50 elementor-top-column elementor-element elementor-element-ed670b6\" data-id=\"ed670b6\" data-element_type=\"column\">\n\t\t\t<div class=\"elementor-widget-wrap elementor-element-populated\">\n\t\t\t\t\t\t\t\t<div class=\"elementor-element elementor-element-4da0df9 elementor-align-center elementor-widget elementor-widget-button\" data-id=\"4da0df9\" data-element_type=\"widget\" data-widget_type=\"button.default\">\n\t\t\t\t<div class=\"elementor-widget-container\">\n\t\t\t\t\t<div class=\"elementor-button-wrapper\">\n\t\t\t<a class=\"elementor-button elementor-button-link elementor-size-lg\" href=\"http:\/\/efters\u00e4ndning.se%20\">\n\t\t\t\t\t\t<span class=\"elementor-button-content-wrapper\">\n\t\t\t\t\t\t<span class=\"elementor-button-text\">CHANGE YOUR ADRESS<\/span>\n\t\t<\/span>\n\t\t\t\t\t<\/a>\n\t\t<\/div>\n\t\t\t\t<\/div>\n\t\t\t\t<\/div>\n\t\t\t\t<div class=\"elementor-element elementor-element-611faee elementor-align-center elementor-widget elementor-widget-button\" data-id=\"611faee\" data-element_type=\"widget\" data-widget_type=\"button.default\">\n\t\t\t\t<div class=\"elementor-widget-container\">\n\t\t\t\t\t<div class=\"elementor-button-wrapper\">\n\t\t\t<a class=\"elementor-button elementor-button-link elementor-size-lg\" href=\"https:\/\/www.adressandring.se\/info\/checklista-vid-flytt\">\n\t\t\t\t\t\t<span class=\"elementor-button-content-wrapper\">\n\t\t\t\t\t\t<span class=\"elementor-button-text\">Checklist ahead of the move<\/span>\n\t\t<\/span>\n\t\t\t\t\t<\/a>\n\t\t<\/div>\n\t\t\t\t<\/div>\n\t\t\t\t<\/div>\n\t\t\t\t\t<\/div>\n\t\t<\/div>\n\t\t\t\t\t\t\t<\/div>\n\t\t<\/section>\n\t\t\t\t<section class=\"elementor-section elementor-top-section elementor-element elementor-element-398aa95 elementor-section-boxed elementor-section-height-default elementor-section-height-default\" data-id=\"398aa95\" data-element_type=\"section\">\n\t\t\t\t\t\t<div class=\"elementor-container elementor-column-gap-default\">\n\t\t\t\t\t<div class=\"elementor-column elementor-col-100 elementor-top-column elementor-element elementor-element-01b7b16\" data-id=\"01b7b16\" data-element_type=\"column\">\n\t\t\t<div class=\"elementor-widget-wrap elementor-element-populated\">\n\t\t\t\t\t\t\t\t<div class=\"elementor-element elementor-element-31737a1 elementor-widget elementor-widget-text-editor\" data-id=\"31737a1\" data-element_type=\"widget\" data-widget_type=\"text-editor.default\">\n\t\t\t\t<div class=\"elementor-widget-container\">\n\t\t\t\t\t\t\t<p>Lorem ipsum dolor sit amet, consectetur adipiscing elit. Ut elit tellus, luctus nec ullamcorper mattis, pulvinar dapibus leo.<\/p>\t\t\t\t\t\t<\/div>\n\t\t\t\t<\/div>\n\t\t\t\t\t<\/div>\n\t\t<\/div>\n\t\t\t\t\t\t\t<\/div>\n\t\t<\/section>\n\t\t\t\t\t\t\t<\/div>","protected":false},"excerpt":{"rendered":"<p>BOSTAD I G\u00d6TEBORG Det kan vara sv\u00e5rt att hitta en bostad i G\u00f6teborg som nyinflyttad till staden. Nedanf\u00f6r kommer lite tips p\u00e5 s\u00e4tt som kan g\u00f6ra bostadss\u00f6kandet lite enklare. SGS Studentbost\u00e4der SGS har G\u00f6teborgs st\u00f6rsta utbud av studentbost\u00e4der. P\u00e5 deras hemsida kan du f\u00e5 mer information om vad som g\u00e4ller n\u00e4r du flyttar in, bor &hellip;<\/p>\n<p class=\"read-more\"> <a class=\"\" href=\"https:\/\/handelsnollning.se\/en\/bostad-i-goteborg\/\"> <span class=\"screen-reader-text\">Housing in Gothenburg<\/span> Read More &raquo;<\/a><\/p>","protected":false},"author":1,"featured_media":0,"parent":0,"menu_order":0,"comment_status":"closed","ping_status":"closed","template":"","meta":{"om_disable_all_campaigns":false,"_monsterinsights_skip_tracking":false,"_monsterinsights_sitenote_active":false,"_monsterinsights_sitenote_note":"","_monsterinsights_sitenote_category":0,"footnotes":""},"class_list":["post-746","page","type-page","status-publish","hentry"],"aioseo_notices":[],"_links":{"self":[{"href":"https:\/\/handelsnollning.se\/en\/wp-json\/wp\/v2\/pages\/746","targetHints":{"allow":["GET"]}}],"collection":[{"href":"https:\/\/handelsnollning.se\/en\/wp-json\/wp\/v2\/pages"}],"about":[{"href":"https:\/\/handelsnollning.se\/en\/wp-json\/wp\/v2\/types\/page"}],"author":[{"embeddable":true,"href":"https:\/\/handelsnollning.se\/en\/wp-json\/wp\/v2\/users\/1"}],"replies":[{"embeddable":true,"href":"https:\/\/handelsnollning.se\/en\/wp-json\/wp\/v2\/comments?post=746"}],"version-history":[{"count":58,"href":"https:\/\/handelsnollning.se\/en\/wp-json\/wp\/v2\/pages\/746\/revisions"}],"predecessor-version":[{"id":4994,"href":"https:\/\/handelsnollning.se\/en\/wp-json\/wp\/v2\/pages\/746\/revisions\/4994"}],"wp:attachment":[{"href":"https:\/\/handelsnollning.se\/en\/wp-json\/wp\/v2\/media?parent=746"}],"curies":[{"name":"wp","href":"https:\/\/api.w.org\/{rel}","templated":true}]}}