{"id":753,"date":"2019-05-12T09:34:07","date_gmt":"2019-05-12T09:34:07","guid":{"rendered":"http:\/\/handelsnollning.se\/?page_id=753"},"modified":"2025-07-02T16:55:19","modified_gmt":"2025-07-02T16:55:19","slug":"kurslitteratur","status":"publish","type":"page","link":"https:\/\/handelsnollning.se\/en\/kurslitteratur\/","title":{"rendered":"Course litterature"},"content":{"rendered":"<div data-elementor-type=\"wp-post\" data-elementor-id=\"753\" class=\"elementor elementor-753\">\n\t\t\t\t\t\t\t\t\t<section class=\"elementor-section elementor-top-section elementor-element elementor-element-7286acc elementor-section-boxed elementor-section-height-default elementor-section-height-default\" data-id=\"7286acc\" data-element_type=\"section\" data-settings=\"{&quot;background_background&quot;:&quot;classic&quot;}\">\n\t\t\t\t\t\t\t<div class=\"elementor-background-overlay\"><\/div>\n\t\t\t\t\t\t\t<div class=\"elementor-container elementor-column-gap-default\">\n\t\t\t\t\t<div class=\"elementor-column elementor-col-100 elementor-top-column elementor-element elementor-element-d0814f3\" data-id=\"d0814f3\" data-element_type=\"column\">\n\t\t\t<div class=\"elementor-widget-wrap elementor-element-populated\">\n\t\t\t\t\t\t\t\t<div class=\"elementor-element elementor-element-80dd9be elementor-widget elementor-widget-heading\" data-id=\"80dd9be\" data-element_type=\"widget\" data-widget_type=\"heading.default\">\n\t\t\t\t<div class=\"elementor-widget-container\">\n\t\t\t<h2 class=\"elementor-heading-title elementor-size-large\">COURSE LITTERATURE<\/h2>\t\t<\/div>\n\t\t\t\t<\/div>\n\t\t\t\t<div class=\"elementor-element elementor-element-02daa20 elementor-widget elementor-widget-spacer\" data-id=\"02daa20\" data-element_type=\"widget\" data-widget_type=\"spacer.default\">\n\t\t\t\t<div class=\"elementor-widget-container\">\n\t\t\t\t\t<div class=\"elementor-spacer\">\n\t\t\t<div class=\"elementor-spacer-inner\"><\/div>\n\t\t<\/div>\n\t\t\t\t<\/div>\n\t\t\t\t<\/div>\n\t\t\t\t<div class=\"elementor-element elementor-element-6d6ea5e elementor-widget elementor-widget-heading\" data-id=\"6d6ea5e\" data-element_type=\"widget\" data-widget_type=\"heading.default\">\n\t\t\t\t<div class=\"elementor-widget-container\">\n\t\t\t<p class=\"elementor-heading-title elementor-size-large\">It can be difficult to know the best way to find course literature. Here are some examples of simple ways to do it. <\/p>\t\t<\/div>\n\t\t\t\t<\/div>\n\t\t\t\t<div class=\"elementor-element elementor-element-6953789 elementor-widget elementor-widget-spacer\" data-id=\"6953789\" data-element_type=\"widget\" data-widget_type=\"spacer.default\">\n\t\t\t\t<div class=\"elementor-widget-container\">\n\t\t\t\t\t<div class=\"elementor-spacer\">\n\t\t\t<div class=\"elementor-spacer-inner\"><\/div>\n\t\t<\/div>\n\t\t\t\t<\/div>\n\t\t\t\t<\/div>\n\t\t\t\t\t<\/div>\n\t\t<\/div>\n\t\t\t\t\t\t\t<\/div>\n\t\t<\/section>\n\t\t\t\t<section class=\"elementor-section elementor-top-section elementor-element elementor-element-26d415f8 elementor-section-boxed elementor-section-height-default elementor-section-height-default\" data-id=\"26d415f8\" data-element_type=\"section\">\n\t\t\t\t\t\t<div class=\"elementor-container elementor-column-gap-wider\">\n\t\t\t\t\t<div class=\"elementor-column elementor-col-50 elementor-top-column elementor-element elementor-element-722590a5\" data-id=\"722590a5\" data-element_type=\"column\">\n\t\t\t<div class=\"elementor-widget-wrap elementor-element-populated\">\n\t\t\t\t\t\t\t\t<div class=\"elementor-element elementor-element-14b9deb0 elementor-position-top elementor-widget elementor-widget-image-box\" data-id=\"14b9deb0\" data-element_type=\"widget\" data-widget_type=\"image-box.default\">\n\t\t\t\t<div class=\"elementor-widget-container\">\n\t\t\t<div class=\"elementor-image-box-wrapper\"><figure class=\"elementor-image-box-img\"><img loading=\"lazy\" decoding=\"async\" width=\"4725\" height=\"3544\" src=\"https:\/\/handelsnollning.se\/wp-content\/uploads\/2019\/06\/campus.png\" class=\"attachment-full size-full wp-image-1255\" alt=\"\" srcset=\"https:\/\/handelsnollning.se\/wp-content\/uploads\/2019\/06\/campus.png 4725w, https:\/\/handelsnollning.se\/wp-content\/uploads\/2019\/06\/campus-300x225.png 300w, https:\/\/handelsnollning.se\/wp-content\/uploads\/2019\/06\/campus-768x576.png 768w, https:\/\/handelsnollning.se\/wp-content\/uploads\/2019\/06\/campus-1024x768.png 1024w\" sizes=\"auto, (max-width: 4725px) 100vw, 4725px\" \/><\/figure><div class=\"elementor-image-box-content\"><h3 class=\"elementor-image-box-title\">Campusbokhandeln<\/h3><p class=\"elementor-image-box-description\">Campusbokhandeln offers a concept where you can buy and sell new and used course literature. If you want to get cheap course literature, Campusbokhandeln is a good way to go. \n<\/p><\/div><\/div>\t\t<\/div>\n\t\t\t\t<\/div>\n\t\t\t\t<div class=\"elementor-element elementor-element-01fff7a elementor-align-center elementor-widget elementor-widget-button\" data-id=\"01fff7a\" data-element_type=\"widget\" data-widget_type=\"button.default\">\n\t\t\t\t<div class=\"elementor-widget-container\">\n\t\t\t\t\t<div class=\"elementor-button-wrapper\">\n\t\t\t<a class=\"elementor-button elementor-button-link elementor-size-sm\" href=\"https:\/\/campusbokhandeln.se\">\n\t\t\t\t\t\t<span class=\"elementor-button-content-wrapper\">\n\t\t\t\t\t\t<span class=\"elementor-button-text\">READ MORE<\/span>\n\t\t<\/span>\n\t\t\t\t\t<\/a>\n\t\t<\/div>\n\t\t\t\t<\/div>\n\t\t\t\t<\/div>\n\t\t\t\t\t<\/div>\n\t\t<\/div>\n\t\t\t\t<div class=\"elementor-column elementor-col-50 elementor-top-column elementor-element elementor-element-442ce37\" data-id=\"442ce37\" data-element_type=\"column\">\n\t\t\t<div class=\"elementor-widget-wrap elementor-element-populated\">\n\t\t\t\t\t\t\t\t<div class=\"elementor-element elementor-element-b86bae6 elementor-position-top elementor-widget elementor-widget-image-box\" data-id=\"b86bae6\" data-element_type=\"widget\" data-widget_type=\"image-box.default\">\n\t\t\t\t<div class=\"elementor-widget-container\">\n\t\t\t<div class=\"elementor-image-box-wrapper\"><figure class=\"elementor-image-box-img\"><img decoding=\"async\" src=\"https:\/\/handelsnollning.se\/wp-content\/uploads\/elementor\/thumbs\/studentapan-r86bjyle0olcfogcvdevryrkoxbg7lkvmhgie3m1l2.png\" title=\"studentapan\" alt=\"studentapan\" loading=\"lazy\" \/><\/figure><div class=\"elementor-image-box-content\"><h3 class=\"elementor-image-box-title\">Studentapan<\/h3><p class=\"elementor-image-box-description\">On Studentapan you can buy and sell course literature smarter than ever. Save time and money for the best parts of the student life. Over 1 000 000 sold books.<\/p><\/div><\/div>\t\t<\/div>\n\t\t\t\t<\/div>\n\t\t\t\t<div class=\"elementor-element elementor-element-a4d8fcb elementor-align-center elementor-widget elementor-widget-button\" data-id=\"a4d8fcb\" data-element_type=\"widget\" data-widget_type=\"button.default\">\n\t\t\t\t<div class=\"elementor-widget-container\">\n\t\t\t\t\t<div class=\"elementor-button-wrapper\">\n\t\t\t<a class=\"elementor-button elementor-button-link elementor-size-sm\" href=\"https:\/\/www.studentapan.se\/\">\n\t\t\t\t\t\t<span class=\"elementor-button-content-wrapper\">\n\t\t\t\t\t\t<span class=\"elementor-button-text\">READ MORE<\/span>\n\t\t<\/span>\n\t\t\t\t\t<\/a>\n\t\t<\/div>\n\t\t\t\t<\/div>\n\t\t\t\t<\/div>\n\t\t\t\t\t<\/div>\n\t\t<\/div>\n\t\t\t\t\t\t\t<\/div>\n\t\t<\/section>\n\t\t\t\t<section class=\"elementor-section elementor-top-section elementor-element elementor-element-698e2e0c elementor-section-boxed elementor-section-height-default elementor-section-height-default\" data-id=\"698e2e0c\" data-element_type=\"section\">\n\t\t\t\t\t\t<div class=\"elementor-container elementor-column-gap-wider\">\n\t\t\t\t\t<div class=\"elementor-column elementor-col-50 elementor-top-column elementor-element elementor-element-9df205f\" data-id=\"9df205f\" data-element_type=\"column\">\n\t\t\t<div class=\"elementor-widget-wrap elementor-element-populated\">\n\t\t\t\t\t\t\t\t<div class=\"elementor-element elementor-element-7ba41b63 elementor-position-top elementor-widget elementor-widget-image-box\" data-id=\"7ba41b63\" data-element_type=\"widget\" data-widget_type=\"image-box.default\">\n\t\t\t\t<div class=\"elementor-widget-container\">\n\t\t\t<div class=\"elementor-image-box-wrapper\"><figure class=\"elementor-image-box-img\"><img loading=\"lazy\" decoding=\"async\" width=\"4725\" height=\"3564\" src=\"https:\/\/handelsnollning.se\/wp-content\/uploads\/2019\/06\/Eko-bibliotek.png\" class=\"attachment-full size-full wp-image-1252\" alt=\"\" srcset=\"https:\/\/handelsnollning.se\/wp-content\/uploads\/2019\/06\/Eko-bibliotek.png 4725w, https:\/\/handelsnollning.se\/wp-content\/uploads\/2019\/06\/Eko-bibliotek-300x226.png 300w, https:\/\/handelsnollning.se\/wp-content\/uploads\/2019\/06\/Eko-bibliotek-768x579.png 768w, https:\/\/handelsnollning.se\/wp-content\/uploads\/2019\/06\/Eko-bibliotek-1024x772.png 1024w\" sizes=\"auto, (max-width: 4725px) 100vw, 4725px\" \/><\/figure><div class=\"elementor-image-box-content\"><h3 class=\"elementor-image-box-title\">Ekonomiska Biblioteket<\/h3><p class=\"elementor-image-box-description\">The University of Gothenburg Library consists of seven libraries, a study space, and a national library for gender research, Kvinnsam. <br>The Economics Library is located in the School of Business, Economics and Law at Vasagatan 1. Just across the street, you'll also find the Social Sciences Library! Outside the Biomedical Library and the Humanities Library, you can return books 24\/7 via their book drops. \n<\/p><\/div><\/div>\t\t<\/div>\n\t\t\t\t<\/div>\n\t\t\t\t<div class=\"elementor-element elementor-element-571428c elementor-align-center elementor-widget elementor-widget-button\" data-id=\"571428c\" data-element_type=\"widget\" data-widget_type=\"button.default\">\n\t\t\t\t<div class=\"elementor-widget-container\">\n\t\t\t\t\t<div class=\"elementor-button-wrapper\">\n\t\t\t<a class=\"elementor-button elementor-button-link elementor-size-sm\" href=\"http:\/\/www.ub.gu.se\/bibliotek\/Ge\/\">\n\t\t\t\t\t\t<span class=\"elementor-button-content-wrapper\">\n\t\t\t\t\t\t<span class=\"elementor-button-text\">READ MORE<\/span>\n\t\t<\/span>\n\t\t\t\t\t<\/a>\n\t\t<\/div>\n\t\t\t\t<\/div>\n\t\t\t\t<\/div>\n\t\t\t\t\t<\/div>\n\t\t<\/div>\n\t\t\t\t<div class=\"elementor-column elementor-col-50 elementor-top-column elementor-element elementor-element-1340eb4b\" data-id=\"1340eb4b\" data-element_type=\"column\">\n\t\t\t<div class=\"elementor-widget-wrap elementor-element-populated\">\n\t\t\t\t\t\t\t\t<div class=\"elementor-element elementor-element-5fd9feb9 elementor-position-top elementor-widget elementor-widget-image-box\" data-id=\"5fd9feb9\" data-element_type=\"widget\" data-widget_type=\"image-box.default\">\n\t\t\t\t<div class=\"elementor-widget-container\">\n\t\t\t<div class=\"elementor-image-box-wrapper\"><figure class=\"elementor-image-box-img\"><img loading=\"lazy\" decoding=\"async\" width=\"4725\" height=\"3544\" src=\"https:\/\/handelsnollning.se\/wp-content\/uploads\/2019\/06\/Handels-bokbytar.png\" class=\"attachment-full size-full wp-image-1254\" alt=\"\" srcset=\"https:\/\/handelsnollning.se\/wp-content\/uploads\/2019\/06\/Handels-bokbytar.png 4725w, https:\/\/handelsnollning.se\/wp-content\/uploads\/2019\/06\/Handels-bokbytar-300x225.png 300w, https:\/\/handelsnollning.se\/wp-content\/uploads\/2019\/06\/Handels-bokbytar-768x576.png 768w, https:\/\/handelsnollning.se\/wp-content\/uploads\/2019\/06\/Handels-bokbytar-1024x768.png 1024w\" sizes=\"auto, (max-width: 4725px) 100vw, 4725px\" \/><\/figure><div class=\"elementor-image-box-content\"><h3 class=\"elementor-image-box-title\">Handels Bokbytarklubb<\/h3><p class=\"elementor-image-box-description\">\"Handels Bokbytarklubb\" is an open Facebook group that you can join. Here you can buy and sell course literature from and to other students studying at the School of Business, Economics and Law in Gothenburg. \n<\/p><\/div><\/div>\t\t<\/div>\n\t\t\t\t<\/div>\n\t\t\t\t<div class=\"elementor-element elementor-element-e35433c elementor-align-center elementor-widget elementor-widget-button\" data-id=\"e35433c\" data-element_type=\"widget\" data-widget_type=\"button.default\">\n\t\t\t\t<div class=\"elementor-widget-container\">\n\t\t\t\t\t<div class=\"elementor-button-wrapper\">\n\t\t\t<a class=\"elementor-button elementor-button-link elementor-size-sm\" href=\"https:\/\/www.facebook.com\/groups\/handelsbokbytarklubb\/\">\n\t\t\t\t\t\t<span class=\"elementor-button-content-wrapper\">\n\t\t\t\t\t\t<span class=\"elementor-button-text\">READ MORE<\/span>\n\t\t<\/span>\n\t\t\t\t\t<\/a>\n\t\t<\/div>\n\t\t\t\t<\/div>\n\t\t\t\t<\/div>\n\t\t\t\t\t<\/div>\n\t\t<\/div>\n\t\t\t\t\t\t\t<\/div>\n\t\t<\/section>\n\t\t\t\t\t\t\t<\/div>","protected":false},"excerpt":{"rendered":"<p>KURSLITTERATUR Det kan vara sv\u00e5rt att veta hur en p\u00e5 b\u00e4sta s\u00e4tt kan f\u00e5 tag p\u00e5 kurslitteratur. H\u00e4r f\u00e5r du n\u00e5gra exempel p\u00e5 enkla s\u00e4tt att g\u00f6ra det p\u00e5. Campusbokhandeln Campusbokhandeln erbjuder ett koncept d\u00e4r du kan k\u00f6pa och s\u00e4lja ny och begagnad kurslitteratur. Vill du f\u00e5 tag p\u00e5 billig kurslitteratur \u00e4r Campusbokhandeln en bra &hellip;<\/p>\n<p class=\"read-more\"> <a class=\"\" href=\"https:\/\/handelsnollning.se\/en\/kurslitteratur\/\"> <span class=\"screen-reader-text\">Course litterature<\/span> Read More &raquo;<\/a><\/p>","protected":false},"author":1,"featured_media":0,"parent":0,"menu_order":0,"comment_status":"closed","ping_status":"closed","template":"","meta":{"om_disable_all_campaigns":false,"_monsterinsights_skip_tracking":false,"_monsterinsights_sitenote_active":false,"_monsterinsights_sitenote_note":"","_monsterinsights_sitenote_category":0,"footnotes":""},"class_list":["post-753","page","type-page","status-publish","hentry"],"aioseo_notices":[],"_links":{"self":[{"href":"https:\/\/handelsnollning.se\/en\/wp-json\/wp\/v2\/pages\/753","targetHints":{"allow":["GET"]}}],"collection":[{"href":"https:\/\/handelsnollning.se\/en\/wp-json\/wp\/v2\/pages"}],"about":[{"href":"https:\/\/handelsnollning.se\/en\/wp-json\/wp\/v2\/types\/page"}],"author":[{"embeddable":true,"href":"https:\/\/handelsnollning.se\/en\/wp-json\/wp\/v2\/users\/1"}],"replies":[{"embeddable":true,"href":"https:\/\/handelsnollning.se\/en\/wp-json\/wp\/v2\/comments?post=753"}],"version-history":[{"count":40,"href":"https:\/\/handelsnollning.se\/en\/wp-json\/wp\/v2\/pages\/753\/revisions"}],"predecessor-version":[{"id":4825,"href":"https:\/\/handelsnollning.se\/en\/wp-json\/wp\/v2\/pages\/753\/revisions\/4825"}],"wp:attachment":[{"href":"https:\/\/handelsnollning.se\/en\/wp-json\/wp\/v2\/media?parent=753"}],"curies":[{"name":"wp","href":"https:\/\/api.w.org\/{rel}","templated":true}]}}